{"id":998,"date":"2018-07-02T19:19:54","date_gmt":"2018-07-02T22:19:54","guid":{"rendered":"https:\/\/isfd806-chu.infd.edu.ar\/sitio\/informacion-3\/"},"modified":"2025-11-12T19:08:38","modified_gmt":"2025-11-12T22:08:38","slug":"infoteatro","status":"publish","type":"page","link":"https:\/\/isfd806-chu.infd.edu.ar\/sitio\/infoteatro\/","title":{"rendered":"Informaci\u00f3n Teatro"},"content":{"rendered":"<p><\/p>\n<p><span style=\"font-size: 10pt; font-family: verdana,geneva;\">El Profesorado de Teatro tiene como objetivo principal formar docentes&nbsp; competentes en el \u00e1rea&nbsp;art\u00edstica, con s\u00f3lidos conocimientos pedag\u00f3gicos,&nbsp;atentos a los cambios y transformaciones propios de nuestra&nbsp;tarea cotidiana y comprometidos con la realidad sociocultural de nuestro pa\u00eds, con un perfil abierto a las necesidades de los otros en el mundo que nos toca transitar.<\/span><\/p>\n<p style=\"margin-right: 20px;\"><span style=\"font-size: 10pt; font-family: verdana,geneva;\">Nos preocupa una formaci\u00f3n integral e integrada que se cristaliza a partir de dos ejes vertebradores:&nbsp;<\/span><\/p>\n<ul>\n<li>\n<p style=\"margin-right: 20px;\"><span style=\"font-size: 10pt; font-family: verdana,geneva;\">la formaci\u00f3n pedag\u00f3gica que involucra la preparaci\u00f3n en la actividad de la ense\u00f1anza art\u00edstica, a trav\u00e9s del abordaje de las diferentes metodolog\u00edas que conforman el quehacer \u00e1ulico;&nbsp;<\/span><\/p>\n<\/li>\n<li>\n<p style=\"margin-right: 20px;\"><span style=\"font-size: 10pt; font-family: verdana,geneva;\">la formaci\u00f3n art\u00edstica espec\u00edfica en teatro, a&nbsp;partir de la cual se&nbsp;busca insertar al alumno en el campo del arte y en especial en el mundo del Teatro desde el hacer y el saber hacer; teniendo en cuenta la vinculaci\u00f3n directa con las dem\u00e1s disciplinas que conforman la educaci\u00f3n art\u00edstica.<\/span><\/p>\n<\/li>\n<\/ul>\n<p style=\"margin-right: 20px;\"><span style=\"font-size: 10pt; font-family: verdana,geneva;\">En nuestro escenario de acci\u00f3n, cada uno de nuestros alumnos son los protagonistas de este trabajo en equipo que llevamos a cabo&nbsp;como equipo&nbsp;docente, y en el cual tenemos como meta en com\u00fan la adquisici\u00f3n de las competencias necesarias para desarrollar con responsabilidad y eficiencia nuestra tarea.<\/span><\/p>\n<p style=\"margin-right: 20px;\"><span style=\"font-size: 10pt; font-family: verdana,geneva;\">Por esta finalidad es que construimos espacios de participaci\u00f3n en los que desarrollamos Proyectos Interdisciplinarios&nbsp;con otras \u00c1reas y Carreras, Proyectos Comunitarios que permitan a nuestros estudiantes conocer y trabajar en&nbsp; instituciones con distintas realidades socioecon\u00f3mico culturales brindando lo que saben hacer al servicio del que m\u00e1s lo necesita.<\/span><\/p>\n\n\n<p><strong>Plan de estudios del Profesorado de Teatro<\/strong><\/p>\n\n\n\n<div class=\"wp-block-file\"><a id=\"wp-block-file--media-6944a33b-ade3-4127-ab6c-1f82eecf1c01\" href=\"https:\/\/isfd806-chu.infd.edu.ar\/sitio\/wp-content\/uploads\/2025\/11\/Prof.-Teatro.jpeg\">Prof.-Teatro<\/a><a href=\"https:\/\/isfd806-chu.infd.edu.ar\/sitio\/wp-content\/uploads\/2025\/11\/Prof.-Teatro.jpeg\" class=\"wp-block-file__button wp-element-button\" download aria-describedby=\"wp-block-file--media-6944a33b-ade3-4127-ab6c-1f82eecf1c01\">Descarga<\/a><\/div>\n","protected":false},"excerpt":{"rendered":"<p>El Profesorado de Teatro tiene como objetivo principal formar docentes&nbsp; competentes en el \u00e1rea&nbsp;art\u00edstica, con s\u00f3lidos conocimientos pedag\u00f3gicos,&nbsp;atentos a los cambios y transformaciones propios de nuestra&nbsp;tarea cotidiana y comprometidos con la realidad sociocultural de nuestro pa\u00eds, con un perfil abierto a las necesidades de los otros en el mundo que nos toca transitar. Nos preocupa &#8230; <a title=\"Informaci\u00f3n Teatro\" class=\"read-more\" href=\"https:\/\/isfd806-chu.infd.edu.ar\/sitio\/infoteatro\/\" aria-label=\"More on Informaci\u00f3n Teatro\">[+]<\/a><\/p>\n","protected":false},"author":2134,"featured_media":2876,"parent":0,"menu_order":0,"comment_status":"closed","ping_status":"closed","template":"","meta":[],"acf":[],"_links":{"self":[{"href":"https:\/\/isfd806-chu.infd.edu.ar\/sitio\/wp-json\/wp\/v2\/pages\/998"}],"collection":[{"href":"https:\/\/isfd806-chu.infd.edu.ar\/sitio\/wp-json\/wp\/v2\/pages"}],"about":[{"href":"https:\/\/isfd806-chu.infd.edu.ar\/sitio\/wp-json\/wp\/v2\/types\/page"}],"author":[{"embeddable":true,"href":"https:\/\/isfd806-chu.infd.edu.ar\/sitio\/wp-json\/wp\/v2\/users\/2134"}],"replies":[{"embeddable":true,"href":"https:\/\/isfd806-chu.infd.edu.ar\/sitio\/wp-json\/wp\/v2\/comments?post=998"}],"version-history":[{"count":7,"href":"https:\/\/isfd806-chu.infd.edu.ar\/sitio\/wp-json\/wp\/v2\/pages\/998\/revisions"}],"predecessor-version":[{"id":3127,"href":"https:\/\/isfd806-chu.infd.edu.ar\/sitio\/wp-json\/wp\/v2\/pages\/998\/revisions\/3127"}],"wp:featuredmedia":[{"embeddable":true,"href":"https:\/\/isfd806-chu.infd.edu.ar\/sitio\/wp-json\/wp\/v2\/media\/2876"}],"wp:attachment":[{"href":"https:\/\/isfd806-chu.infd.edu.ar\/sitio\/wp-json\/wp\/v2\/media?parent=998"}],"curies":[{"name":"wp","href":"https:\/\/api.w.org\/{rel}","templated":true}]}}