{"id":996,"date":"2018-07-02T19:19:54","date_gmt":"2018-07-02T22:19:54","guid":{"rendered":"https:\/\/isfd806-chu.infd.edu.ar\/sitio\/informacion-2\/"},"modified":"2025-11-12T19:03:06","modified_gmt":"2025-11-12T22:03:06","slug":"infomusica","status":"publish","type":"page","link":"https:\/\/isfd806-chu.infd.edu.ar\/sitio\/infomusica\/","title":{"rendered":"Informaci\u00f3n M\u00fasica"},"content":{"rendered":"\n<figure class=\"wp-block-gallery has-nested-images columns-default is-cropped wp-block-gallery-1 is-layout-flex\"><\/figure>\n\n\n\n<div class=\"wp-block-file\"><a id=\"wp-block-file--media-e3d8afab-fb9b-4c65-bc0c-156e572f3605\" href=\"https:\/\/isfd806-chu.infd.edu.ar\/sitio\/wp-content\/uploads\/2025\/11\/Prof.-Musica-extension-Sarmiento.jpeg\">Prof.-Musica-extension-Sarmiento<\/a><a href=\"https:\/\/isfd806-chu.infd.edu.ar\/sitio\/wp-content\/uploads\/2025\/11\/Prof.-Musica-extension-Sarmiento.jpeg\" class=\"wp-block-file__button wp-element-button\" download aria-describedby=\"wp-block-file--media-e3d8afab-fb9b-4c65-bc0c-156e572f3605\">Descarga<\/a><\/div>\n\n\n\n<p class=\"has-contrast-color has-base-3-background-color has-text-color has-background\"><strong>Plan de estudios del Profesorado de M\u00fasica<\/strong><\/p>\n\n\n<p>\u00a0<\/p>\n<p><span style=\"font-size: 10pt; color: #000000;\"><span style=\"background-color: #ffffff;\"><strong><span style=\"font-size: 12pt;\"><span style=\"font-family: verdana,geneva;\">El Profesorado de M\u00fasica tiene como objetivo principal formar docentes aut\u00f3nomos, creativos, comprometidos con su contexto y con el quehacer musical <\/span><\/span><\/strong><\/span><\/span><\/p>\n<p><span style=\"font-size: 10pt; color: #000000;\"><strong><span style=\"text-decoration: underline;\"><span style=\"font-family: verdana,geneva;\">Para ello desde :<\/span><\/span><\/strong><\/span><\/p>\n<p><span style=\"font-family: verdana, geneva; color: #000000;\"><span style=\"font-size: 10pt;\">*\u00a0<strong><em>el campo\u00a0de la FORMACI\u00d3N GENERAL<\/em><\/strong> se abordan saberes que permiten al docente conocer, analizar y comprender la realidad educativa en sus m\u00faltiples dimensiones y construir herramientas conceptuales para investigarla e intervenir en ella.<\/span><\/span><\/p>\n<p><span style=\"font-size: 10pt; color: #000000;\"><span style=\"font-family: verdana,geneva;\">* <strong><em>el campo de la FORMACI\u00d3N ESPECIALIZADA<\/em><\/strong> se posibilita al docente-en-formaci\u00f3n analizar las caracter\u00edsticas particulares de sus futuros alumnos, considerando su proceso de desarrollo, sus modalidades de aprendizaje, en relaci\u00f3n con contextos socio culturales espec\u00edficos. Est\u00e1 destinado a sustentar el desempe\u00f1o de la actividad docente, adecuado a los requerimientos espec\u00edficos de cada uno de los niveles y reg\u00edmenes especiales en la orientaci\u00f3n que se desempe\u00f1e<\/span><\/span><\/p>\n<p><span style=\"font-size: 10pt; color: #000000;\"><span style=\"font-family: verdana,geneva;\">*<strong><em>el campo de la FORMACI\u00d3N ORIENTADA<\/em><\/strong>\u00a0se pretende\u00a0la profundizaci\u00f3n del conocimiento de la disciplina M\u00daSICA\u00a0 con las necesarias adaptaciones a los distintos niveles o ciclos, que posibiliten el desarrollo de estrategias de ense\u00f1anza adecuadas, y en relaci\u00f3n con los otros campos de formaci\u00f3n.<\/span><\/span><\/p>\n<p><strong>Plan de estudios del Profesorado de M\u00fasica<\/strong><\/p>\n\n\n<div class=\"wp-block-file\"><a id=\"wp-block-file--media-ebbd7158-96ea-44f8-a80d-e5dbae30f284\" href=\"https:\/\/isfd806-chu.infd.edu.ar\/sitio\/wp-content\/uploads\/2025\/11\/Prof.-Musica-sede-CR.jpeg\">Prof.-Musica-sede-CR<\/a><a href=\"https:\/\/isfd806-chu.infd.edu.ar\/sitio\/wp-content\/uploads\/2025\/11\/Prof.-Musica-sede-CR.jpeg\" class=\"wp-block-file__button wp-element-button\" download aria-describedby=\"wp-block-file--media-ebbd7158-96ea-44f8-a80d-e5dbae30f284\">Descarga<\/a><\/div>\n\n\n\n<p><strong>Plan de estudios del Profesorado de M\u00fasica sede Sarmiento<\/strong><\/p>\n\n\n\n<div class=\"wp-block-file\"><a id=\"wp-block-file--media-e6fdc870-1929-447b-bc5a-ebe0e3b36350\" href=\"https:\/\/isfd806-chu.infd.edu.ar\/sitio\/wp-content\/uploads\/2025\/11\/Prof.-Musica-extension-Sarmiento-1.jpeg\">Prof.-Musica-extension-Sarmiento<\/a><a href=\"https:\/\/isfd806-chu.infd.edu.ar\/sitio\/wp-content\/uploads\/2025\/11\/Prof.-Musica-extension-Sarmiento-1.jpeg\" class=\"wp-block-file__button wp-element-button\" download aria-describedby=\"wp-block-file--media-e6fdc870-1929-447b-bc5a-ebe0e3b36350\">Descarga<\/a><\/div>\n","protected":false},"excerpt":{"rendered":"<p>Plan de estudios del Profesorado de M\u00fasica \u00a0 El Profesorado de M\u00fasica tiene como objetivo principal formar docentes aut\u00f3nomos, creativos, comprometidos con su contexto y con el quehacer musical Para ello desde : *\u00a0el campo\u00a0de la FORMACI\u00d3N GENERAL se abordan saberes que permiten al docente conocer, analizar y comprender la realidad educativa en sus m\u00faltiples &#8230; <a title=\"Informaci\u00f3n M\u00fasica\" class=\"read-more\" href=\"https:\/\/isfd806-chu.infd.edu.ar\/sitio\/infomusica\/\" aria-label=\"More on Informaci\u00f3n M\u00fasica\">[+]<\/a><\/p>\n","protected":false},"author":2134,"featured_media":2872,"parent":0,"menu_order":0,"comment_status":"closed","ping_status":"closed","template":"","meta":[],"acf":[],"_links":{"self":[{"href":"https:\/\/isfd806-chu.infd.edu.ar\/sitio\/wp-json\/wp\/v2\/pages\/996"}],"collection":[{"href":"https:\/\/isfd806-chu.infd.edu.ar\/sitio\/wp-json\/wp\/v2\/pages"}],"about":[{"href":"https:\/\/isfd806-chu.infd.edu.ar\/sitio\/wp-json\/wp\/v2\/types\/page"}],"author":[{"embeddable":true,"href":"https:\/\/isfd806-chu.infd.edu.ar\/sitio\/wp-json\/wp\/v2\/users\/2134"}],"replies":[{"embeddable":true,"href":"https:\/\/isfd806-chu.infd.edu.ar\/sitio\/wp-json\/wp\/v2\/comments?post=996"}],"version-history":[{"count":7,"href":"https:\/\/isfd806-chu.infd.edu.ar\/sitio\/wp-json\/wp\/v2\/pages\/996\/revisions"}],"predecessor-version":[{"id":3125,"href":"https:\/\/isfd806-chu.infd.edu.ar\/sitio\/wp-json\/wp\/v2\/pages\/996\/revisions\/3125"}],"wp:featuredmedia":[{"embeddable":true,"href":"https:\/\/isfd806-chu.infd.edu.ar\/sitio\/wp-json\/wp\/v2\/media\/2872"}],"wp:attachment":[{"href":"https:\/\/isfd806-chu.infd.edu.ar\/sitio\/wp-json\/wp\/v2\/media?parent=996"}],"curies":[{"name":"wp","href":"https:\/\/api.w.org\/{rel}","templated":true}]}}