{"id":990,"date":"2018-07-02T19:19:52","date_gmt":"2018-07-02T22:19:52","guid":{"rendered":"https:\/\/isfd806-chu.infd.edu.ar\/sitio\/autoridades\/"},"modified":"2025-06-19T09:23:41","modified_gmt":"2025-06-19T12:23:41","slug":"autoridades","status":"publish","type":"page","link":"https:\/\/isfd806-chu.infd.edu.ar\/sitio\/autoridades\/","title":{"rendered":"Autoridades"},"content":{"rendered":"\n<p class=\"has-text-align-center has-medium-font-size\"><strong>Directora<br><\/strong>Prof. Lic. Sol Panizza<\/p>\n\n\n\n<p class=\"has-text-align-center has-medium-font-size\">&nbsp;<strong>Vicedirectora<br><\/strong>Prof. Lic. Adriana Sosa<\/p>\n\n\n\n<p class=\"has-text-align-center has-medium-font-size\"><strong>Secretaria Acad\u00e9mica<br><\/strong>Prof. Lic. Daniela Fazio<\/p>\n\n\n\n<p class=\"has-text-align-center has-medium-font-size\"><strong>Secretaria Administrativa<br><\/strong>T\u00e9c. Superior Mar\u00eda Aurora Evans<\/p>\n\n\n\n<p class=\"has-text-align-center\"><br><strong>COORDINACIONES DE PROGRAMAS<\/strong><\/p>\n\n\n\n<p class=\"has-text-align-center\">&nbsp;<strong>Programa de Investigaci\u00f3n y Desarrollo Educativo<\/strong><\/p>\n\n\n\n<p class=\"has-text-align-center\">&nbsp;Profesora Adriana Winter y Profesora Ver\u00f3nica Peralta<\/p>\n\n\n\n<p class=\"has-text-align-center\">&nbsp;<strong>Formaci\u00f3n Art\u00edstica Profesional<\/strong><\/p>\n\n\n\n<p class=\"has-text-align-center\">Prof. Julieta Melis<br><\/p>\n\n\n\n<p class=\"has-text-align-center\"><strong>Director de la Orquesta Alas del Viento<\/strong><\/p>\n\n\n\n<p class=\"has-text-align-center\">Prof. Maria Laura Narvaiza<\/p>\n\n\n\n<p class=\"has-text-align-center\"><strong>CONSEJO DIRECTIVO&nbsp;<\/strong><\/p>\n\n\n\n<p class=\"has-text-align-center\">Integrado por la Sra.Directora, el Sra. Vicedirectora, la Sra. Secretaria Acad\u00e9mica&nbsp; y las Coordinaciones de Programas.<\/p>\n\n\n\n<p class=\"has-text-align-center\"><strong>COORDINACIONES DE CARRERAS<\/strong><\/p>\n\n\n\n<p class=\"has-text-align-center\"><strong>Teatro<br><\/strong>Profesora Natalia Arturo<\/p>\n\n\n\n<p class=\"has-text-align-center\">&nbsp;<strong>M\u00fasica<br><\/strong>Profesor Nicolas Digorado<\/p>\n\n\n\n<p class=\"has-text-align-center\">&nbsp;<strong>Artes Visuales<br><\/strong>&nbsp;Profesora Susana Aguilera<\/p>\n\n\n\n<p class=\"has-text-align-center\">&nbsp;<strong>Danzas<br><\/strong>Profesora Carolina Armas<\/p>\n\n\n\n<p class=\"has-text-align-center\"><strong>CONSEJO CONSULTIVO<br><\/strong>Integrado por la Sra. Directora, el Sra. Vicedirector, la Sra. Secretaria Acad\u00e9mica, las Coordinaciones de Programas, las Coordinaciones de Carreras, un Representante Docente por cada profesorado, un Representante Alumno por cada profesorado.<\/p>\n\n\n\n<p class=\"has-text-align-center\"><strong>Instituto Superior de Formaci\u00f3n Docente N\u00ba 806<\/strong><br>Email: <a href=\"mailto:isfd806@chubut.edu.ar\">isfd806@chubut.edu.ar<\/a><br>Tel: 297 446-7604<br>Clara Mizrahi S\/N\u00ba (e Hip\u00f3lito Yrigoyen) Comodoro Rivadavia, Chubut<\/p>\n","protected":false},"excerpt":{"rendered":"<p>DirectoraProf. Lic. Sol Panizza &nbsp;VicedirectoraProf. Lic. Adriana Sosa Secretaria Acad\u00e9micaProf. Lic. Daniela Fazio Secretaria AdministrativaT\u00e9c. Superior Mar\u00eda Aurora Evans COORDINACIONES DE PROGRAMAS &nbsp;Programa de Investigaci\u00f3n y Desarrollo Educativo &nbsp;Profesora Adriana Winter y Profesora Ver\u00f3nica Peralta &nbsp;Formaci\u00f3n Art\u00edstica Profesional Prof. Julieta Melis Director de la Orquesta Alas del Viento Prof. Maria Laura Narvaiza CONSEJO DIRECTIVO&nbsp; Integrado &#8230; <a title=\"Autoridades\" class=\"read-more\" href=\"https:\/\/isfd806-chu.infd.edu.ar\/sitio\/autoridades\/\" aria-label=\"More on Autoridades\">[+]<\/a><\/p>\n","protected":false},"author":617,"featured_media":0,"parent":0,"menu_order":0,"comment_status":"closed","ping_status":"closed","template":"","meta":[],"acf":[],"_links":{"self":[{"href":"https:\/\/isfd806-chu.infd.edu.ar\/sitio\/wp-json\/wp\/v2\/pages\/990"}],"collection":[{"href":"https:\/\/isfd806-chu.infd.edu.ar\/sitio\/wp-json\/wp\/v2\/pages"}],"about":[{"href":"https:\/\/isfd806-chu.infd.edu.ar\/sitio\/wp-json\/wp\/v2\/types\/page"}],"author":[{"embeddable":true,"href":"https:\/\/isfd806-chu.infd.edu.ar\/sitio\/wp-json\/wp\/v2\/users\/617"}],"replies":[{"embeddable":true,"href":"https:\/\/isfd806-chu.infd.edu.ar\/sitio\/wp-json\/wp\/v2\/comments?post=990"}],"version-history":[{"count":19,"href":"https:\/\/isfd806-chu.infd.edu.ar\/sitio\/wp-json\/wp\/v2\/pages\/990\/revisions"}],"predecessor-version":[{"id":3022,"href":"https:\/\/isfd806-chu.infd.edu.ar\/sitio\/wp-json\/wp\/v2\/pages\/990\/revisions\/3022"}],"wp:attachment":[{"href":"https:\/\/isfd806-chu.infd.edu.ar\/sitio\/wp-json\/wp\/v2\/media?parent=990"}],"curies":[{"name":"wp","href":"https:\/\/api.w.org\/{rel}","templated":true}]}}