{"id":985,"date":"2018-07-02T19:19:50","date_gmt":"2018-07-02T22:19:50","guid":{"rendered":"https:\/\/isfd806-chu.infd.edu.ar\/sitio\/datos-institucionales\/"},"modified":"2025-06-19T09:25:19","modified_gmt":"2025-06-19T12:25:19","slug":"datos-institucionales","status":"publish","type":"page","link":"https:\/\/isfd806-chu.infd.edu.ar\/sitio\/datos-institucionales\/","title":{"rendered":"DATOS INSTITUCIONALES"},"content":{"rendered":"<blockquote>\n<p style=\"text-align: center;\"><span style=\"font-family: arial, helvetica, sans-serif; color: #000000;\"><span style=\"font-size: 12pt;\"><span style=\"font-family: verdana,geneva;\"><strong><img decoding=\"async\" loading=\"lazy\" class=\"aligncenter size-full wp-image-817\" src=\"https:\/\/isfd806-chu.infd.edu.ar\/sitio\/wp-content\/uploads\/2018\/07\/LOGO_2017_fb_300X_300.png\" alt=\"\" width=\"360\" height=\"360\" \/><\/strong><\/span><\/span><\/span><\/p>\n<\/blockquote>\n<h1 style=\"text-align: center;\"><span style=\"font-family: arial, helvetica, sans-serif; color: #000000;\"><span style=\"font-size: 18pt;\"><span style=\"font-family: verdana,geneva;\"><strong>Instituto Superior de\u00a0<\/strong><\/span><\/span><\/span><span style=\"font-family: verdana, geneva; color: #000000; font-size: 18pt;\"><strong>Formaci\u00f3n Docente Art\u00edstica\u00a0<\/strong><\/span><span style=\"font-family: verdana, geneva; color: #000000; font-size: 18pt;\"><strong>N\u00ba 806<\/strong><\/span><\/h1>\n<p><span style=\"font-family: arial,helvetica,sans-serif;\"><span style=\"font-size: 12pt;\"><span style=\"font-family: verdana,geneva;\"><span style=\"color: #000000;\"><strong>Horarios de Atenci\u00f3n al P\u00fablico :<\/strong><\/span> de lunes a viernes de 18:00 hs a 20:30 hs.<br \/>\n<\/span><\/span><\/span><span style=\"font-family: arial,helvetica,sans-serif;\"><span style=\"font-size: 12pt;\"><span style=\"font-family: verdana,geneva;\"><span style=\"color: #000000;\"><strong>Direcci\u00f3n:<\/strong><\/span> Clara Mizrahi S\/N\u00ba (e Hip\u00f3lito Yrigoyen) Comodoro Rivadavia, Chubut.<br \/>\n<\/span><\/span><\/span><span style=\"font-family: arial, helvetica, sans-serif; color: #000000;\"><span style=\"font-size: 12pt;\"><span style=\"font-family: verdana,geneva;\"><strong>Tel\u00e9fono:<\/strong> 0297 4467604<br \/>\n<\/span><\/span><\/span><span style=\"font-family: arial,helvetica,sans-serif;\"><span style=\"font-size: 12pt;\"><span style=\"font-family: verdana, geneva; color: #000000;\"><strong>E-mail de consultas<\/strong>: <\/span><a title=\"Correo electr\u00f3nico de la Bedel\u00eda del ISFD 806 - bedelia@isfd806.edu.ar\" href=\"mailto:bedelia@isfd806.edu.ar\">bedelia@isfd806.edu.ar<\/a><br \/>\n<\/span><\/span><span style=\"font-family: arial,helvetica,sans-serif;\"><span style=\"font-size: 12pt;\"><span style=\"font-family: verdana,geneva;\"><span style=\"color: #000000;\"><strong>URL: <\/strong><\/span><a href=\"http:\/\/www.isfd806.edu.ar\">www.isfd806.edu.ar<\/a><\/span><\/span><\/span><\/p>\n<blockquote><\/blockquote>\n<p style=\"text-align: center;\"><span style=\"font-family: verdana,geneva;\">\u00a0<iframe loading=\"lazy\" style=\"border: 0;\" src=\"https:\/\/www.google.com\/maps\/embed?pb=!1m18!1m12!1m3!1d2778.106068958668!2d-67.49075758482228!3d-45.86918744386561!2m3!1f0!2f0!3f0!3m2!1i1024!2i768!4f13.1!3m3!1m2!1s0xbde454f65d18c5f3%3A0x61480f69fbaaaa8b!2sInstituto+Superior+de+Formaci%C3%B3n+Docente+N%C2%B0+806!5e0!3m2!1ses-419!2sar!4v1539817150990\" width=\"600\" height=\"450\" frameborder=\"0\" allowfullscreen=\"allowfullscreen\"><\/iframe> <\/span><\/p>\n","protected":false},"excerpt":{"rendered":"<p>Instituto Superior de\u00a0Formaci\u00f3n Docente Art\u00edstica\u00a0N\u00ba 806 Horarios de Atenci\u00f3n al P\u00fablico : de lunes a viernes de 18:00 hs a 20:30 hs. Direcci\u00f3n: Clara Mizrahi S\/N\u00ba (e Hip\u00f3lito Yrigoyen) Comodoro Rivadavia, Chubut. Tel\u00e9fono: 0297 4467604 E-mail de consultas: bedelia@isfd806.edu.ar URL: www.isfd806.edu.ar \u00a0<\/p>\n","protected":false},"author":617,"featured_media":0,"parent":0,"menu_order":0,"comment_status":"closed","ping_status":"closed","template":"","meta":[],"acf":[],"_links":{"self":[{"href":"https:\/\/isfd806-chu.infd.edu.ar\/sitio\/wp-json\/wp\/v2\/pages\/985"}],"collection":[{"href":"https:\/\/isfd806-chu.infd.edu.ar\/sitio\/wp-json\/wp\/v2\/pages"}],"about":[{"href":"https:\/\/isfd806-chu.infd.edu.ar\/sitio\/wp-json\/wp\/v2\/types\/page"}],"author":[{"embeddable":true,"href":"https:\/\/isfd806-chu.infd.edu.ar\/sitio\/wp-json\/wp\/v2\/users\/617"}],"replies":[{"embeddable":true,"href":"https:\/\/isfd806-chu.infd.edu.ar\/sitio\/wp-json\/wp\/v2\/comments?post=985"}],"version-history":[{"count":4,"href":"https:\/\/isfd806-chu.infd.edu.ar\/sitio\/wp-json\/wp\/v2\/pages\/985\/revisions"}],"predecessor-version":[{"id":3025,"href":"https:\/\/isfd806-chu.infd.edu.ar\/sitio\/wp-json\/wp\/v2\/pages\/985\/revisions\/3025"}],"wp:attachment":[{"href":"https:\/\/isfd806-chu.infd.edu.ar\/sitio\/wp-json\/wp\/v2\/media?parent=985"}],"curies":[{"name":"wp","href":"https:\/\/api.w.org\/{rel}","templated":true}]}}