{"id":972,"date":"2018-07-02T19:19:47","date_gmt":"2018-07-02T22:19:47","guid":{"rendered":"https:\/\/isfd806-chu.infd.edu.ar\/sitio\/centro-de-documentacion-de-las-artes\/"},"modified":"2019-05-31T19:33:43","modified_gmt":"2019-05-31T22:33:43","slug":"centro-de-documentacion-de-las-artes","status":"publish","type":"page","link":"https:\/\/isfd806-chu.infd.edu.ar\/sitio\/centro-de-documentacion-de-las-artes\/","title":{"rendered":"Centro de Documentaci\u00f3n de las Artes"},"content":{"rendered":"<p dir=\"ltr\"><img decoding=\"async\" loading=\"lazy\" class=\"aligncenter wp-image-1120\" src=\"https:\/\/isfd806-chu.infd.edu.ar\/sitio\/wp-content\/uploads\/2018\/10\/avatar-CDA.jpg\" alt=\"\" width=\"438\" height=\"438\" srcset=\"https:\/\/isfd806-chu.infd.edu.ar\/sitio\/wp-content\/uploads\/2018\/10\/avatar-CDA.jpg 750w, https:\/\/isfd806-chu.infd.edu.ar\/sitio\/wp-content\/uploads\/2018\/10\/avatar-CDA-500x500.jpg 500w\" sizes=\"(max-width: 438px) 100vw, 438px\" \/><\/p>\n<p dir=\"ltr\" style=\"text-align: center;\"><strong>CENTRO DE DOCUMENTACI\u00d3N DE LAS ARTES<\/strong><\/p>\n<p dir=\"ltr\">\u00a0 \u00a0Es un espacio de investigaci\u00f3n en artes dedicado a al catalogado, archivo, registro y an\u00e1lisis de diversos materiales vinculados con la producci\u00f3n art\u00edstica en general, focalizado en el arte en Patagonia.<br \/>\nNace de un proyecto original de la Dra. Cecilia Perea (quien es su primera coordinadora) en el a\u00f1o 2008, con la implementaci\u00f3n del Primer Programa de Mejora Institucional del instituto Nacional de Formaci\u00f3n Docente INFoD.<br \/>\nEs inaugurado oficialmente en diciembre de 2011 con la presentaci\u00f3n p\u00fablica de su primera producci\u00f3n \u201cColecci\u00f3n Instituto Superior de Arte 806\u201d<br \/>\nDesde entonces contin\u00faa su actividad con las tareas de archivo, publicaciones y la realizaci\u00f3n de eventos como las Entrevistas p\u00fablicas y la edici\u00f3n de Jornadas Bi- anuales de Investigaci\u00f3n en Arte en Patagonia.<br \/>\nSon sus objetivos:<br \/>\n&#8211;\u00a0\u00a0\u00a0 Construir un centro documental especializado en arte chubutense a partir de la construcci\u00f3n de un archivo (soporte digital) de diversos documentos relacionados con el arte local.<br \/>\n&#8211;\u00a0\u00a0\u00a0 Divulgar el arte chubutense.<br \/>\n&#8211;\u00a0\u00a0\u00a0 Proveer de insumos a los investigadores en arte.<br \/>\n&#8211;\u00a0\u00a0\u00a0 Incentivar el desarrollo de la investigaci\u00f3n tanto en especialistas, docentes como alumnos en nuestro Instituto y del medio.<\/p>\n<p>&nbsp;<\/p>\n<p>Esperamos que se sumen a nuestros proyectos y nos acerquen nuevas propuestas nuestro contacto es: <a href=\"mailto:centrodocumentacion.artes@gmail.com\">centrodocumentacion.artes@gmail.com<\/a><\/p>\n<p>&nbsp;<\/p>\n<p dir=\"ltr\" style=\"text-align: center;\">TAREAS REALIZADAS<\/p>\n<p dir=\"ltr\">2011:<\/p>\n<ul>\n<li dir=\"ltr\">\n<p dir=\"ltr\">Jornada de inauguraci\u00f3n y presentaci\u00f3n del Centro de Documentaci\u00f3n de las Artes especializado en Arte en Patagonia.<\/p>\n<\/li>\n<li dir=\"ltr\">\n<p dir=\"ltr\">Elaboraci\u00f3n y Presentaci\u00f3n del libro Colecci\u00f3n ISFD 806, registro de la pinacoteca del instituto. Esta producci\u00f3n cont\u00f3 con el apoyo del Correo Argentino. A la fecha se han entregado m\u00e1s de 1000 ejemplares de forma gratuita a docentes, alumnos, escuelas y bibliotecas de la provincia y del pa\u00eds.<\/p>\n<\/li>\n<li dir=\"ltr\">\n<p dir=\"ltr\">Restauraci\u00f3n de las obras pertenecientes al ISFDA 806 (primera etapa)<\/p>\n<\/li>\n<li dir=\"ltr\">\n<p dir=\"ltr\">Realizaci\u00f3n de la exposici\u00f3n \u00abColecci\u00f3n ISFD 806\u00bb en la cual se present\u00f3 el libro:\u00a0\u00a0<a href=\"https:\/\/isfd806-chu.infd.edu.ar\/sitio\/publicaciones\/upload\/coleccionisfda806.pdf\">Colecci\u00f3n ISFDA 806<\/a><\/p>\n<\/li>\n<li dir=\"ltr\">\n<p dir=\"ltr\">Creaci\u00f3n del sello editorial \u2018Instituto Superior de Arte 806\u2019<\/p>\n<\/li>\n<\/ul>\n<p dir=\"ltr\">2012:<\/p>\n<ul>\n<li dir=\"ltr\">\n<p dir=\"ltr\">Primeras Jornadas de Investigaci\u00f3n en Artes en Patagonia: <a href=\"https:\/\/isfd806-chu.infd.edu.ar\/sitio\/publicaciones\/upload\/1_JornadasInvestigacinISFDA806.pdf\">\u201cLa investigaci\u00f3n art\u00edstica en Patagonia: un estado de la cuesti\u00f3n\u201d.<\/a><\/p>\n<\/li>\n<\/ul>\n<ul>\n<li dir=\"ltr\">\n<p dir=\"ltr\">Restauraci\u00f3n de las obras pertenecientes al ISFDA 806 (segunda etapa)<\/p>\n<\/li>\n<li dir=\"ltr\">\n<p dir=\"ltr\">Realizaci\u00f3n de la exposici\u00f3n de la artista In\u00e9s Tukschewitz<\/p>\n<\/li>\n<\/ul>\n<p dir=\"ltr\">2013:<\/p>\n<ul>\n<li dir=\"ltr\">\n<p dir=\"ltr\">Elaboraci\u00f3n y presentaci\u00f3n del libro\u00a0<a href=\"https:\/\/isfd806-chu.infd.edu.ar\/sitio\/publicaciones\/upload\/TEATRO25.pdf\">Teatro 25\/ 25 a\u00f1os de Teatro en el Instituto Superior de Arte 806.<\/a><\/p>\n<\/li>\n<\/ul>\n<p dir=\"ltr\">\u00a02014:<\/p>\n<ul>\n<li dir=\"ltr\">\n<p dir=\"ltr\">Segundas Jornadas de Investigaci\u00f3n en Artes en Patagonia.<\/p>\n<\/li>\n<li dir=\"ltr\">\n<p dir=\"ltr\">Presentaci\u00f3n de las Actas de las \u2018Primeras Jornadas de Investigaci\u00f3n en Artes en Patagonia.<\/p>\n<\/li>\n<\/ul>\n<p dir=\"ltr\">2016:<\/p>\n<ul>\n<li dir=\"ltr\">\n<p dir=\"ltr\">Terceras Jornadas de Investigaci\u00f3n en Artes en Patagonia: El estado del Arte en la Educaci\u00f3n y el estado de la Educaci\u00f3n en el Arte.<\/p>\n<\/li>\n<li dir=\"ltr\">\n<p dir=\"ltr\">Organizaci\u00f3n de actividades por los 50 a\u00f1os del ISFD N\u00ba 806 entre varias actividades se realiz\u00f3 la muestra en el CIP \u201c50 a\u00f1o en el Arte\u201d.<\/p>\n<\/li>\n<\/ul>\n<p>2017:<\/p>\n<p>2018:<\/p>\n<ul>\n<li>Presentaci\u00f3n IV Jornadas de Investigaci\u00f3n en Artes en Patagonia: La memoria, como Archivo y Repertorio\u00bb<\/li>\n<\/ul>\n<p>Entrega\u00a0<a href=\"https:\/\/isfd806-chu.infd.edu.ar\/aula\/archivos\/_173\/CDA_Actas_II_Jornadas_de_investigacion_en_Artes_en_Patagonia.pdf\">Actas II Jornadas de Investigaci\u00f3n en Artes en Patagonia<\/a><\/p>\n<p>2019:<\/p>\n<p>&nbsp;<\/p>\n<p dir=\"ltr\">Esperamos que se sumen a nuestros proyectos y nos acerquen nuevas propuestas nuestro contacto es: <a href=\"mailto:centrodocumentacion.artes@gmail.com\">centrodocumentacion.artes@gmail.com<\/a>.<\/p>\n<p dir=\"ltr\">\u00a0<a href=\"https:\/\/www.facebook.com\/Centrodocumentaciondelasartes\/\"><img decoding=\"async\" loading=\"lazy\" style=\"display: block; margin-left: auto; margin-right: auto;\" src=\"https:\/\/facebookbrand.com\/wp-content\/themes\/fb-branding\/prj-fb-branding\/assets\/images\/fb-art.png\" width=\"24\" height=\"24\" border=\"0\" \/><\/a><\/p>\n<div id=\"fb-root\"><\/div>\n<p>&nbsp;<\/p>\n","protected":false},"excerpt":{"rendered":"<p>CENTRO DE DOCUMENTACI\u00d3N DE LAS ARTES \u00a0 \u00a0Es un espacio de investigaci\u00f3n en artes dedicado a al catalogado, archivo, registro y an\u00e1lisis de diversos materiales vinculados con la producci\u00f3n art\u00edstica en general, focalizado en el arte en Patagonia. Nace de un proyecto original de la Dra. Cecilia Perea (quien es su primera coordinadora) en el &#8230; <a title=\"Centro de Documentaci\u00f3n de las Artes\" class=\"read-more\" href=\"https:\/\/isfd806-chu.infd.edu.ar\/sitio\/centro-de-documentacion-de-las-artes\/\" aria-label=\"More on Centro de Documentaci\u00f3n de las Artes\">[+]<\/a><\/p>\n","protected":false},"author":617,"featured_media":0,"parent":0,"menu_order":0,"comment_status":"closed","ping_status":"closed","template":"","meta":[],"acf":[],"_links":{"self":[{"href":"https:\/\/isfd806-chu.infd.edu.ar\/sitio\/wp-json\/wp\/v2\/pages\/972"}],"collection":[{"href":"https:\/\/isfd806-chu.infd.edu.ar\/sitio\/wp-json\/wp\/v2\/pages"}],"about":[{"href":"https:\/\/isfd806-chu.infd.edu.ar\/sitio\/wp-json\/wp\/v2\/types\/page"}],"author":[{"embeddable":true,"href":"https:\/\/isfd806-chu.infd.edu.ar\/sitio\/wp-json\/wp\/v2\/users\/617"}],"replies":[{"embeddable":true,"href":"https:\/\/isfd806-chu.infd.edu.ar\/sitio\/wp-json\/wp\/v2\/comments?post=972"}],"version-history":[{"count":11,"href":"https:\/\/isfd806-chu.infd.edu.ar\/sitio\/wp-json\/wp\/v2\/pages\/972\/revisions"}],"predecessor-version":[{"id":1284,"href":"https:\/\/isfd806-chu.infd.edu.ar\/sitio\/wp-json\/wp\/v2\/pages\/972\/revisions\/1284"}],"wp:attachment":[{"href":"https:\/\/isfd806-chu.infd.edu.ar\/sitio\/wp-json\/wp\/v2\/media?parent=972"}],"curies":[{"name":"wp","href":"https:\/\/api.w.org\/{rel}","templated":true}]}}