{"id":967,"date":"2018-07-02T19:19:45","date_gmt":"2018-07-02T22:19:45","guid":{"rendered":"https:\/\/isfd806-chu.infd.edu.ar\/sitio\/escuela-de-musica\/"},"modified":"2022-03-07T19:37:50","modified_gmt":"2022-03-07T22:37:50","slug":"escuela-de-musica","status":"publish","type":"page","link":"https:\/\/isfd806-chu.infd.edu.ar\/sitio\/escuela-de-musica\/","title":{"rendered":"ESCUELA DE M\u00daSICA"},"content":{"rendered":"<p>La <strong>Escuela de M\u00fasica para ni\u00f1os y ni\u00f1as (de 6 y 14 a\u00f1os)<\/strong>, desde 2008 brinda un espacio de formaci\u00f3n musical integral, ofreciendo m\u00faltiples y variados entornos de estimulaci\u00f3n con la finalidad de favorecer la capacidad de expresi\u00f3n musical a trav\u00e9s de procesos que resulten significativos en la vida de cada ni\u00f1a\/o, vivenciados grupalmente, y que propicien una construcci\u00f3n solidaria de ciudadan\u00eda.<br \/>\u00a0Brinda una <em>ense\u00f1anza no formal, con programas pautados, pero no r\u00edgidos.<\/em><\/p>\n<p><strong>Por ello se propone:<\/strong><\/p>\n<ul>\n<li>\u00a0Desarrollar la musicalidad desde el hacer y su reflexi\u00f3n, promoviendo el disfrute de<br \/>la m\u00fasica a trav\u00e9s de experiencias que les posibiliten crear y expresarse<br \/>musicalmente con otros.<\/li>\n<li>\u00a0Promover experiencias de formaci\u00f3n musical que les permitan explorar<br \/>heur\u00edsticamente el lenguaje musical y apropiarse de sus elementos t\u00e9cnicos para<br \/>utilizar lo que aprenden en la producci\u00f3n creativa de experiencias sonoras.<\/li>\n<li>\u00a0Promover el desarrollo de habilidades personales para hacer m\u00fasica colectivamente<br \/>desarrollando sensibilidades en el interjuego de los valores socioafectivos que<br \/>posibilita el trabajo grupal.<\/li>\n<\/ul>\n<p>Podes ver contenidos de la Escuela de M\u00fasica en su canal de <a href=\"https:\/\/www.youtube.com\/channel\/UCJPOlGbWwWhu2D3kWEDSNYw\"><strong>Youtube<\/strong><\/a><\/p>\n<p><iframe loading=\"lazy\" title=\"CHACARERA Parte 1\" width=\"1200\" height=\"675\" src=\"https:\/\/www.youtube.com\/embed\/7b23Z7o38w8?feature=oembed\" frameborder=\"0\" allow=\"accelerometer; autoplay; clipboard-write; encrypted-media; gyroscope; picture-in-picture\" allowfullscreen><\/iframe><\/p>\n\n\n<pre class=\"wp-block-preformatted\"><\/pre>\n\n\n\n<p><\/p>\n","protected":false},"excerpt":{"rendered":"<p>La Escuela de M\u00fasica para ni\u00f1os y ni\u00f1as (de 6 y 14 a\u00f1os), desde 2008 brinda un espacio de formaci\u00f3n musical integral, ofreciendo m\u00faltiples y variados entornos de estimulaci\u00f3n con la finalidad de favorecer la capacidad de expresi\u00f3n musical a trav\u00e9s de procesos que resulten significativos en la vida de cada ni\u00f1a\/o, vivenciados grupalmente, y &#8230; <a title=\"ESCUELA DE M\u00daSICA\" class=\"read-more\" href=\"https:\/\/isfd806-chu.infd.edu.ar\/sitio\/escuela-de-musica\/\" aria-label=\"More on ESCUELA DE M\u00daSICA\">[+]<\/a><\/p>\n","protected":false},"author":641,"featured_media":2210,"parent":0,"menu_order":0,"comment_status":"closed","ping_status":"closed","template":"","meta":[],"acf":[],"_links":{"self":[{"href":"https:\/\/isfd806-chu.infd.edu.ar\/sitio\/wp-json\/wp\/v2\/pages\/967"}],"collection":[{"href":"https:\/\/isfd806-chu.infd.edu.ar\/sitio\/wp-json\/wp\/v2\/pages"}],"about":[{"href":"https:\/\/isfd806-chu.infd.edu.ar\/sitio\/wp-json\/wp\/v2\/types\/page"}],"author":[{"embeddable":true,"href":"https:\/\/isfd806-chu.infd.edu.ar\/sitio\/wp-json\/wp\/v2\/users\/641"}],"replies":[{"embeddable":true,"href":"https:\/\/isfd806-chu.infd.edu.ar\/sitio\/wp-json\/wp\/v2\/comments?post=967"}],"version-history":[{"count":6,"href":"https:\/\/isfd806-chu.infd.edu.ar\/sitio\/wp-json\/wp\/v2\/pages\/967\/revisions"}],"predecessor-version":[{"id":2220,"href":"https:\/\/isfd806-chu.infd.edu.ar\/sitio\/wp-json\/wp\/v2\/pages\/967\/revisions\/2220"}],"wp:featuredmedia":[{"embeddable":true,"href":"https:\/\/isfd806-chu.infd.edu.ar\/sitio\/wp-json\/wp\/v2\/media\/2210"}],"wp:attachment":[{"href":"https:\/\/isfd806-chu.infd.edu.ar\/sitio\/wp-json\/wp\/v2\/media?parent=967"}],"curies":[{"name":"wp","href":"https:\/\/api.w.org\/{rel}","templated":true}]}}