{"id":3106,"date":"2025-10-17T17:56:55","date_gmt":"2025-10-17T20:56:55","guid":{"rendered":"https:\/\/isfd806-chu.infd.edu.ar\/sitio\/?page_id=3106"},"modified":"2025-10-17T17:56:57","modified_gmt":"2025-10-17T20:56:57","slug":"actualizacion-en-robotica-educativa","status":"publish","type":"page","link":"https:\/\/isfd806-chu.infd.edu.ar\/sitio\/actualizacion-en-robotica-educativa\/","title":{"rendered":"Actualizaci\u00f3n en Rob\u00f3tica Educativa"},"content":{"rendered":"\n<p>Fecha de inscripci\u00f3n: del 17\/10\/25 al 27\/10\/25<br>Destinatarios: Profesores de \u201cEducaci\u00f3n Tecnol\u00f3gica\u201d, Profesores de otras \u00e1reas y especialidades.<\/p>\n\n\n\n<!--more-->\n\n\n\n<p>Fecha de inscripci\u00f3n: del <strong>17\/10\/25 al 27\/10\/25<\/strong><br>Destinatarios: Profesores de \u201cEducaci\u00f3n Tecnol\u00f3gica\u201d, Profesores de otras \u00e1reas y especialidades.<br>&nbsp;<strong>SEDE PARA LAS REGIONES V y VI :<\/strong> ISFD 806<\/p>\n\n\n\n<!--more-->\n\n\n\n<h4 class=\"wp-block-heading\">Objetivo general<\/h4>\n\n\n\n<p>Capacitar a Profesores del espacio curricular Educaci\u00f3n Tecnol\u00f3gica sobre nuevos marcos conceptuales e instrumentales, miradas y experiencias dentro del campo de la rob\u00f3tica educativa, de forma arm\u00f3nica y significativa.<\/p>\n\n\n\n<h4 class=\"wp-block-heading\">Objetivos espec\u00edficos<\/h4>\n\n\n\n<ul>\n<li>Identificar las caracter\u00edsticas principales del pensamiento computacional y la rob\u00f3tica educativa.<\/li>\n\n\n\n<li>Resolver distintos problemas mediante la programaci\u00f3n por bloques integrada con la rob\u00f3tica educativa.<\/li>\n\n\n\n<li>Reconocer los principales elementos de un robot: sensores y actuadores.<\/li>\n\n\n\n<li>Analizar el uso de placas y dispositivos de hardware libre para resolver problemas educativos.<\/li>\n<\/ul>\n\n\n\n<h4 class=\"wp-block-heading\">Condiciones arancelarias<\/h4>\n\n\n\n<p>La propuesta&nbsp;<strong>no es arancelada<\/strong>.<\/p>\n\n\n\n<p><strong>Localizaci\u00f3n:<\/strong>&nbsp;IFDC N\u00b0804 (REG I y III), 806 (REG V y VI) y 816 (REG II y IV) de la Provincia de Chubut.<\/p>\n\n\n\n<p>El formulario se puede enviar&nbsp;<strong>solo una vez por DNI<\/strong>. Por favor, complete el formulario con atenci\u00f3n.<\/p>\n\n\n\n<p>Est\u00e1n disponibles&nbsp;<strong>SOLO<\/strong>&nbsp;las regiones con cupo abierto.<br><br><strong><a href=\"https:\/\/script.google.com\/macros\/s\/AKfycbxcYcbTj2AoZ7-irPGP7_38UtDPtckFmbEuIg09BxEC3Eh_hiQ0PBoC4kxIugGyXWqhuQ\/exec?fbclid=IwY2xjawNfiKdleHRuA2FlbQIxMABicmlkETE3VDBDZjZoNzQ4dnh5TWhFAR6UUly7_7U4h-WWYveNiD7Eo4xQAXNrHtAdKH4beTOU1qVDdViRWVKfCkBB-Q_aem_2iEvn_EwkYC2PQEf6IfOiA\" target=\"_blank\" rel=\"noreferrer noopener\">&gt;&gt; CLICK AQU\u00cd PARA ACCEDER AL FORMULARIO DE INSCRIPCION &lt;&lt;<\/a><\/strong><\/p>\n\n\n\n<figure class=\"wp-block-image size-full is-resized\"><img decoding=\"async\" loading=\"lazy\" src=\"https:\/\/isfd806-chu.infd.edu.ar\/sitio\/wp-content\/uploads\/2025\/10\/qrok.png\" alt=\"\" class=\"wp-image-3107\" width=\"279\" height=\"306\"\/><\/figure>\n","protected":false},"excerpt":{"rendered":"<p>Fecha de inscripci\u00f3n: del 17\/10\/25 al 27\/10\/25Destinatarios: Profesores de \u201cEducaci\u00f3n Tecnol\u00f3gica\u201d, Profesores de otras \u00e1reas y especialidades.<\/p>\n","protected":false},"author":617,"featured_media":3107,"parent":0,"menu_order":0,"comment_status":"closed","ping_status":"closed","template":"","meta":[],"acf":[],"_links":{"self":[{"href":"https:\/\/isfd806-chu.infd.edu.ar\/sitio\/wp-json\/wp\/v2\/pages\/3106"}],"collection":[{"href":"https:\/\/isfd806-chu.infd.edu.ar\/sitio\/wp-json\/wp\/v2\/pages"}],"about":[{"href":"https:\/\/isfd806-chu.infd.edu.ar\/sitio\/wp-json\/wp\/v2\/types\/page"}],"author":[{"embeddable":true,"href":"https:\/\/isfd806-chu.infd.edu.ar\/sitio\/wp-json\/wp\/v2\/users\/617"}],"replies":[{"embeddable":true,"href":"https:\/\/isfd806-chu.infd.edu.ar\/sitio\/wp-json\/wp\/v2\/comments?post=3106"}],"version-history":[{"count":1,"href":"https:\/\/isfd806-chu.infd.edu.ar\/sitio\/wp-json\/wp\/v2\/pages\/3106\/revisions"}],"predecessor-version":[{"id":3110,"href":"https:\/\/isfd806-chu.infd.edu.ar\/sitio\/wp-json\/wp\/v2\/pages\/3106\/revisions\/3110"}],"wp:featuredmedia":[{"embeddable":true,"href":"https:\/\/isfd806-chu.infd.edu.ar\/sitio\/wp-json\/wp\/v2\/media\/3107"}],"wp:attachment":[{"href":"https:\/\/isfd806-chu.infd.edu.ar\/sitio\/wp-json\/wp\/v2\/media?parent=3106"}],"curies":[{"name":"wp","href":"https:\/\/api.w.org\/{rel}","templated":true}]}}