{"id":2221,"date":"2022-03-07T19:43:43","date_gmt":"2022-03-07T22:43:43","guid":{"rendered":"https:\/\/isfd806-chu.infd.edu.ar\/sitio\/?page_id=2221"},"modified":"2022-03-07T19:43:45","modified_gmt":"2022-03-07T22:43:45","slug":"cei-2","status":"publish","type":"page","link":"https:\/\/isfd806-chu.infd.edu.ar\/sitio\/cei-2\/","title":{"rendered":"CEI"},"content":{"rendered":"\n<p><strong>CENTRO DE EXPRESI\u00d3N INFANTIL<\/strong><br>El Centro de Expresi\u00f3n Infantil brinda desde 1966, un lugar para que ni\u00f1as, ni\u00f1os y<br>adolescentes (de 4 a 14 a\u00f1os)puedan introducirse al arte de forma grupal a trav\u00e9s de su variada oferta y as\u00ed, enriquecer su educaci\u00f3n integral.<br><\/p>\n\n\n\n<p><strong>Por ello se propone:<\/strong><\/p>\n\n\n\n<ul><li>Ofrecer un especializado en arte, en el marco de la educaci\u00f3n p\u00fablica y gratuita.<\/li><li>Explorar y experimentar los distintos lenguajes art\u00edsticos de manera espec\u00edfica o<br>integrada.<\/li><li>Desarrollar la sensibilidad y la alfabetizaci\u00f3n est\u00e9tica, en un espacio de vinculaci\u00f3n<br>grupal, donde se hace hincapi\u00e9 en la producci\u00f3n colectiva y no en talentos<br>individuales.<\/li><li>Promover experiencias en las que el arte y el juego amplien la capacidad de<br>imaginar, crear y transformar, aspectos todos que la educaci\u00f3n art\u00edstica favorece de<br>modo significativo.<\/li><li>Estimular la lectura en relaci\u00f3n con el arte a trav\u00e9s del trabajo con Biblioteca del CEI<\/li><\/ul>\n","protected":false},"excerpt":{"rendered":"<p>CENTRO DE EXPRESI\u00d3N INFANTILEl Centro de Expresi\u00f3n Infantil brinda desde 1966, un lugar para que ni\u00f1as, ni\u00f1os yadolescentes (de 4 a 14 a\u00f1os)puedan introducirse al arte de forma grupal a trav\u00e9s de su variada oferta y as\u00ed, enriquecer su educaci\u00f3n integral. Por ello se propone: Ofrecer un especializado en arte, en el marco de la &#8230; <a title=\"CEI\" class=\"read-more\" href=\"https:\/\/isfd806-chu.infd.edu.ar\/sitio\/cei-2\/\" aria-label=\"More on CEI\">[+]<\/a><\/p>\n","protected":false},"author":641,"featured_media":2222,"parent":0,"menu_order":0,"comment_status":"closed","ping_status":"closed","template":"","meta":[],"acf":[],"_links":{"self":[{"href":"https:\/\/isfd806-chu.infd.edu.ar\/sitio\/wp-json\/wp\/v2\/pages\/2221"}],"collection":[{"href":"https:\/\/isfd806-chu.infd.edu.ar\/sitio\/wp-json\/wp\/v2\/pages"}],"about":[{"href":"https:\/\/isfd806-chu.infd.edu.ar\/sitio\/wp-json\/wp\/v2\/types\/page"}],"author":[{"embeddable":true,"href":"https:\/\/isfd806-chu.infd.edu.ar\/sitio\/wp-json\/wp\/v2\/users\/641"}],"replies":[{"embeddable":true,"href":"https:\/\/isfd806-chu.infd.edu.ar\/sitio\/wp-json\/wp\/v2\/comments?post=2221"}],"version-history":[{"count":1,"href":"https:\/\/isfd806-chu.infd.edu.ar\/sitio\/wp-json\/wp\/v2\/pages\/2221\/revisions"}],"predecessor-version":[{"id":2223,"href":"https:\/\/isfd806-chu.infd.edu.ar\/sitio\/wp-json\/wp\/v2\/pages\/2221\/revisions\/2223"}],"wp:featuredmedia":[{"embeddable":true,"href":"https:\/\/isfd806-chu.infd.edu.ar\/sitio\/wp-json\/wp\/v2\/media\/2222"}],"wp:attachment":[{"href":"https:\/\/isfd806-chu.infd.edu.ar\/sitio\/wp-json\/wp\/v2\/media?parent=2221"}],"curies":[{"name":"wp","href":"https:\/\/api.w.org\/{rel}","templated":true}]}}