{"id":1630,"date":"2019-12-09T19:19:59","date_gmt":"2019-12-09T22:19:59","guid":{"rendered":"https:\/\/isfd806-chu.infd.edu.ar\/sitio\/?page_id=1630"},"modified":"2024-10-21T19:23:59","modified_gmt":"2024-10-21T22:23:59","slug":"disenos-curriculares-vigentes","status":"publish","type":"page","link":"https:\/\/isfd806-chu.infd.edu.ar\/sitio\/profesorados\/disenos-curriculares-vigentes\/","title":{"rendered":"Dise\u00f1os Curriculares Vigentes"},"content":{"rendered":"<h4>Si est\u00e1s interesada o interesado en presentar un proyecto para ense\u00f1ar alguno de los espacios curriculares de nuestras oferta educativa,\u00a0 pod\u00e9s descargar los <span style=\"color: #333399;\"><strong>dise\u00f1os curriculares vigentes<\/strong><\/span> desde estos enlaces:<\/h4>\n<table style=\"background: lightyellow; padding: 15px; border: 2px solid violet;\">\n<tbody>\n<tr style=\"height: min-content;\">\n<td>\n<ul>\n<li><a href=\"https:\/\/isfd806-chu.infd.edu.ar\/sitio\/wp-content\/uploads\/2019\/12\/5985-13_Anexo_I_Profesorado_de_Artes_Visuales.pdf\">Dise\u00f1o Curricular del Profesorado de Artes Visuales ( Res. 566-17 )<\/a><\/li>\n<li><a href=\"https:\/\/isfd806-chu.infd.edu.ar\/sitio\/wp-content\/uploads\/2019\/12\/5984-13_Anexo_I_Profesorado_de_Musica.pdf\">Dise\u00f1o Curricular del Profesorado de M\u00fasica ( Res. 575-17 )<\/a><\/li>\n<li><a href=\"https:\/\/isfd806-chu.infd.edu.ar\/sitio\/wp-content\/uploads\/2019\/12\/5983-13_Anexo_I_Profesorado_de_Teatro.pdf\">Dise\u00f1o Curricular del Profesorado de Teatro ( Res. 593-17 )<\/a><\/li>\n<li><a href=\"https:\/\/isfd806-chu.infd.edu.ar\/sitio\/wp-content\/uploads\/2019\/12\/5986-13_Anexo_I_Profesorado_Danzas.pdf\">Dise\u00f1o Curricular del Profesorado de Danzas con orientaci\u00f3n en Danzas Folkl\u00f3ricas ( Res. 594-17 )<\/a><\/li>\n<\/ul>\n<\/td>\n<\/tr>\n<\/tbody>\n<\/table>\n\n\n<p><\/p>\n","protected":false},"excerpt":{"rendered":"<p>Si est\u00e1s interesada o interesado en presentar un proyecto para ense\u00f1ar alguno de los espacios curriculares de nuestras oferta educativa,\u00a0 pod\u00e9s descargar los dise\u00f1os curriculares vigentes desde estos enlaces: Dise\u00f1o Curricular del Profesorado de Artes Visuales ( Res. 566-17 ) Dise\u00f1o Curricular del Profesorado de M\u00fasica ( Res. 575-17 ) Dise\u00f1o Curricular del Profesorado de &#8230; <a title=\"Dise\u00f1os Curriculares Vigentes\" class=\"read-more\" href=\"https:\/\/isfd806-chu.infd.edu.ar\/sitio\/profesorados\/disenos-curriculares-vigentes\/\" aria-label=\"More on Dise\u00f1os Curriculares Vigentes\">[+]<\/a><\/p>\n","protected":false},"author":617,"featured_media":0,"parent":1108,"menu_order":0,"comment_status":"closed","ping_status":"closed","template":"","meta":[],"acf":[],"_links":{"self":[{"href":"https:\/\/isfd806-chu.infd.edu.ar\/sitio\/wp-json\/wp\/v2\/pages\/1630"}],"collection":[{"href":"https:\/\/isfd806-chu.infd.edu.ar\/sitio\/wp-json\/wp\/v2\/pages"}],"about":[{"href":"https:\/\/isfd806-chu.infd.edu.ar\/sitio\/wp-json\/wp\/v2\/types\/page"}],"author":[{"embeddable":true,"href":"https:\/\/isfd806-chu.infd.edu.ar\/sitio\/wp-json\/wp\/v2\/users\/617"}],"replies":[{"embeddable":true,"href":"https:\/\/isfd806-chu.infd.edu.ar\/sitio\/wp-json\/wp\/v2\/comments?post=1630"}],"version-history":[{"count":7,"href":"https:\/\/isfd806-chu.infd.edu.ar\/sitio\/wp-json\/wp\/v2\/pages\/1630\/revisions"}],"predecessor-version":[{"id":2857,"href":"https:\/\/isfd806-chu.infd.edu.ar\/sitio\/wp-json\/wp\/v2\/pages\/1630\/revisions\/2857"}],"up":[{"embeddable":true,"href":"https:\/\/isfd806-chu.infd.edu.ar\/sitio\/wp-json\/wp\/v2\/pages\/1108"}],"wp:attachment":[{"href":"https:\/\/isfd806-chu.infd.edu.ar\/sitio\/wp-json\/wp\/v2\/media?parent=1630"}],"curies":[{"name":"wp","href":"https:\/\/api.w.org\/{rel}","templated":true}]}}