{"id":1108,"date":"2018-10-17T18:57:44","date_gmt":"2018-10-17T21:57:44","guid":{"rendered":"https:\/\/isfd806-chu.infd.edu.ar\/sitio\/?page_id=1108"},"modified":"2026-04-16T19:53:02","modified_gmt":"2026-04-16T22:53:02","slug":"profesorados","status":"publish","type":"page","link":"https:\/\/isfd806-chu.infd.edu.ar\/sitio\/profesorados\/","title":{"rendered":"PROFESORADOS"},"content":{"rendered":"<h2>\u00a0<\/h2>\n<h2 style=\"text-align: center;\">\u00bfQuer\u00e9s estudiar y no te decidis?<br \/>Podes elegir la carrera docente.<\/h2>\n<h2 style=\"text-align: center;\">Profesorados en 4 disciplinas art\u00edsticas,<br \/>te contamos nuestra oferta acad\u00e9mica.<\/h2>\n<p style=\"text-align: center;\">Si te gusta el arte y la educaci\u00f3n, el ISFD 806 te esta esperando!<\/p>\n<p>Acced\u00e9 a las secciones de cada profesorado y encontr\u00e1 la informaci\u00f3n sobre los prop\u00f3sitos y fundamentos de cada carrera. Tambi\u00e9n podes ver los dise\u00f1os curriculares, descargar el plan de estudios y apreciar la cantidad de contenidos que vas a aprender.<\/p>\n<p><a href=\"https:\/\/isfd806-chu.infd.edu.ar\/sitio\/infovisuales\/\">PROFESORADO EN ARTES VISUALES<\/a><\/p>\n<p><a href=\"https:\/\/isfd806-chu.infd.edu.ar\/sitio\/infoteatro\/\">PROFESORADO EN TEATRO<\/a><\/p>\n<p><a href=\"https:\/\/isfd806-chu.infd.edu.ar\/sitio\/infomusica\/\">PROFESORADO EN M\u00daSICA<\/a><\/p>\n<p><a href=\"https:\/\/isfd806-chu.infd.edu.ar\/sitio\/infodanza\/\">PROFESORADO EN DANZAS con Orientaci\u00f3n en Danzas Folkl\u00f3ricas<\/a><\/p>\n<p><a href=\"https:\/\/isfd806-chu.infd.edu.ar\/sitio\/wp-content\/uploads\/2026\/04\/Actualizacion-Academica-en-RoboticaEducativa-para-la-Educacion-Tecnologica.pdf\">ACTUALIZACI\u00d3N ACAD\u00c9MICA EN ROB\u00d3TICA TECNOL\u00d3GICA<\/a><\/p>\n<p style=\"text-align: center;\"><span style=\"color: #ffffff;\"><em>Cuando te decidas, complet\u00e1 el siguiente formulario de Pre Inscripci\u00f3n as\u00ed te enteras de todas las novedades.<\/em><\/span><\/p>\n\n\n<p><\/p>\n","protected":false},"excerpt":{"rendered":"<p>\u00a0 \u00bfQuer\u00e9s estudiar y no te decidis?Podes elegir la carrera docente. Profesorados en 4 disciplinas art\u00edsticas,te contamos nuestra oferta acad\u00e9mica. Si te gusta el arte y la educaci\u00f3n, el ISFD 806 te esta esperando! Acced\u00e9 a las secciones de cada profesorado y encontr\u00e1 la informaci\u00f3n sobre los prop\u00f3sitos y fundamentos de cada carrera. Tambi\u00e9n podes &#8230; <a title=\"PROFESORADOS\" class=\"read-more\" href=\"https:\/\/isfd806-chu.infd.edu.ar\/sitio\/profesorados\/\" aria-label=\"More on PROFESORADOS\">[+]<\/a><\/p>\n","protected":false},"author":641,"featured_media":0,"parent":0,"menu_order":0,"comment_status":"closed","ping_status":"closed","template":"","meta":[],"acf":[],"_links":{"self":[{"href":"https:\/\/isfd806-chu.infd.edu.ar\/sitio\/wp-json\/wp\/v2\/pages\/1108"}],"collection":[{"href":"https:\/\/isfd806-chu.infd.edu.ar\/sitio\/wp-json\/wp\/v2\/pages"}],"about":[{"href":"https:\/\/isfd806-chu.infd.edu.ar\/sitio\/wp-json\/wp\/v2\/types\/page"}],"author":[{"embeddable":true,"href":"https:\/\/isfd806-chu.infd.edu.ar\/sitio\/wp-json\/wp\/v2\/users\/641"}],"replies":[{"embeddable":true,"href":"https:\/\/isfd806-chu.infd.edu.ar\/sitio\/wp-json\/wp\/v2\/comments?post=1108"}],"version-history":[{"count":8,"href":"https:\/\/isfd806-chu.infd.edu.ar\/sitio\/wp-json\/wp\/v2\/pages\/1108\/revisions"}],"predecessor-version":[{"id":3332,"href":"https:\/\/isfd806-chu.infd.edu.ar\/sitio\/wp-json\/wp\/v2\/pages\/1108\/revisions\/3332"}],"wp:attachment":[{"href":"https:\/\/isfd806-chu.infd.edu.ar\/sitio\/wp-json\/wp\/v2\/media?parent=1108"}],"curies":[{"name":"wp","href":"https:\/\/api.w.org\/{rel}","templated":true}]}}